{"id":7,"date":"2024-04-29T11:17:41","date_gmt":"2024-04-29T16:17:41","guid":{"rendered":"https:\/\/doctoradofisica.uni.edu.pe\/?page_id=7"},"modified":"2025-06-16T19:32:45","modified_gmt":"2025-06-17T00:32:45","slug":"inicio","status":"publish","type":"page","link":"https:\/\/doctoradofisica.uni.edu.pe\/","title":{"rendered":"Inicio"},"content":{"rendered":"\n<figure class=\"wp-block-video\"><video src=\"http:\/\/doctoradofisica.uni.edu.pe\/wp-content\/uploads\/2024\/06\/video-portada-2024-06-04-17-38-26copy-3.mp4\"><\/video><\/figure>\n\n\n\n<p>\/<\/p>\n","protected":false},"excerpt":{"rendered":"<p>\/<\/p>\n","protected":false},"author":1,"featured_media":527,"parent":0,"menu_order":0,"comment_status":"closed","ping_status":"closed","template":"templates\/home.php","meta":{"_acf_changed":false,"footnotes":""},"class_list":["post-7","page","type-page","status-publish","has-post-thumbnail"],"acf":[],"yoast_head":"<!-- This site is optimized with the Yoast SEO Premium plugin v21.5 (Yoast SEO v21.9) - https:\/\/yoast.com\/wordpress\/plugins\/seo\/ -->\n<title>Programa de Doctorado en Ciencias con Menci\u00f3n en F\u00edsica - Universidad Nacional de Ingenier\u00eda<\/title>\n<meta name=\"description\" content=\"\u00danete a nosotros en este viaje de descubrimiento y contribuci\u00f3n al progreso cient\u00edfico en la Adaptaci\u00f3n y mitigaci\u00f3n al cambio clim\u00e1tico y Energ\u00edas renovables\" \/>\n<meta name=\"robots\" content=\"index, follow, max-snippet:-1, max-image-preview:large, max-video-preview:-1\" \/>\n<link rel=\"canonical\" href=\"https:\/\/doctoradofisica.uni.edu.pe\/\" \/>\n<meta property=\"og:locale\" content=\"es_ES\" \/>\n<meta property=\"og:type\" content=\"article\" \/>\n<meta property=\"og:title\" content=\"Programa de Doctorado en Ciencias con Menci\u00f3n en F\u00edsica - Universidad Nacional de Ingenier\u00eda\" \/>\n<meta property=\"og:description\" content=\"\u00danete a nosotros en este viaje de descubrimiento y contribuci\u00f3n al progreso cient\u00edfico en la Adaptaci\u00f3n y mitigaci\u00f3n al cambio clim\u00e1tico y Energ\u00edas renovables\" \/>\n<meta property=\"og:url\" content=\"https:\/\/doctoradofisica.uni.edu.pe\/\" \/>\n<meta property=\"og:site_name\" content=\"UNI\" \/>\n<meta property=\"article:modified_time\" content=\"2025-06-17T00:32:45+00:00\" \/>\n<meta property=\"og:image\" content=\"https:\/\/doctoradofisica.uni.edu.pe\/wp-content\/uploads\/2024\/02\/image-1-1.png\" \/>\n\t<meta property=\"og:image:width\" content=\"2400\" \/>\n\t<meta property=\"og:image:height\" content=\"1256\" \/>\n\t<meta property=\"og:image:type\" content=\"image\/png\" \/>\n<meta name=\"twitter:card\" content=\"summary_large_image\" \/>\n<meta name=\"twitter:title\" content=\"Inicio\" \/>\n<meta name=\"twitter:label1\" content=\"Tiempo de lectura\" \/>\n\t<meta name=\"twitter:data1\" content=\"1 minuto\" \/>\n<script type=\"application\/ld+json\" class=\"yoast-schema-graph\">{\"@context\":\"https:\/\/schema.org\",\"@graph\":[{\"@type\":\"WebPage\",\"@id\":\"https:\/\/doctoradofisica.uni.edu.pe\/\",\"url\":\"https:\/\/doctoradofisica.uni.edu.pe\/\",\"name\":\"Programa de Doctorado en Ciencias con Menci\u00f3n en F\u00edsica - Universidad Nacional de Ingenier\u00eda\",\"isPartOf\":{\"@id\":\"https:\/\/doctoradofisica.uni.edu.pe\/#website\"},\"datePublished\":\"2024-04-29T16:17:41+00:00\",\"dateModified\":\"2025-06-17T00:32:45+00:00\",\"description\":\"\u00danete a nosotros en este viaje de descubrimiento y contribuci\u00f3n al progreso cient\u00edfico en la Adaptaci\u00f3n y mitigaci\u00f3n al cambio clim\u00e1tico y Energ\u00edas renovables\",\"breadcrumb\":{\"@id\":\"https:\/\/doctoradofisica.uni.edu.pe\/#breadcrumb\"},\"inLanguage\":\"es\",\"potentialAction\":[{\"@type\":\"ReadAction\",\"target\":[\"https:\/\/doctoradofisica.uni.edu.pe\/\"]}]},{\"@type\":\"BreadcrumbList\",\"@id\":\"https:\/\/doctoradofisica.uni.edu.pe\/#breadcrumb\",\"itemListElement\":[{\"@type\":\"ListItem\",\"position\":1,\"name\":\"Portada\",\"item\":\"https:\/\/doctoradofisica.uni.edu.pe\/\"},{\"@type\":\"ListItem\",\"position\":2,\"name\":\"Inicio\"}]},{\"@type\":\"WebSite\",\"@id\":\"https:\/\/doctoradofisica.uni.edu.pe\/#website\",\"url\":\"https:\/\/doctoradofisica.uni.edu.pe\/\",\"name\":\"UNI\",\"description\":\"\",\"potentialAction\":[{\"@type\":\"SearchAction\",\"target\":{\"@type\":\"EntryPoint\",\"urlTemplate\":\"https:\/\/doctoradofisica.uni.edu.pe\/?s={search_term_string}\"},\"query-input\":\"required name=search_term_string\"}],\"inLanguage\":\"es\"}]}<\/script>\n<!-- \/ Yoast SEO Premium plugin. -->","yoast_head_json":{"title":"Programa de Doctorado en Ciencias con Menci\u00f3n en F\u00edsica - Universidad Nacional de Ingenier\u00eda","description":"\u00danete a nosotros en este viaje de descubrimiento y contribuci\u00f3n al progreso cient\u00edfico en la Adaptaci\u00f3n y mitigaci\u00f3n al cambio clim\u00e1tico y Energ\u00edas renovables","robots":{"index":"index","follow":"follow","max-snippet":"max-snippet:-1","max-image-preview":"max-image-preview:large","max-video-preview":"max-video-preview:-1"},"canonical":"https:\/\/doctoradofisica.uni.edu.pe\/","og_locale":"es_ES","og_type":"article","og_title":"Programa de Doctorado en Ciencias con Menci\u00f3n en F\u00edsica - Universidad Nacional de Ingenier\u00eda","og_description":"\u00danete a nosotros en este viaje de descubrimiento y contribuci\u00f3n al progreso cient\u00edfico en la Adaptaci\u00f3n y mitigaci\u00f3n al cambio clim\u00e1tico y Energ\u00edas renovables","og_url":"https:\/\/doctoradofisica.uni.edu.pe\/","og_site_name":"UNI","article_modified_time":"2025-06-17T00:32:45+00:00","og_image":[{"width":2400,"height":1256,"url":"https:\/\/doctoradofisica.uni.edu.pe\/wp-content\/uploads\/2024\/02\/image-1-1.png","type":"image\/png"}],"twitter_card":"summary_large_image","twitter_title":"Inicio","twitter_misc":{"Tiempo de lectura":"1 minuto"},"schema":{"@context":"https:\/\/schema.org","@graph":[{"@type":"WebPage","@id":"https:\/\/doctoradofisica.uni.edu.pe\/","url":"https:\/\/doctoradofisica.uni.edu.pe\/","name":"Programa de Doctorado en Ciencias con Menci\u00f3n en F\u00edsica - Universidad Nacional de Ingenier\u00eda","isPartOf":{"@id":"https:\/\/doctoradofisica.uni.edu.pe\/#website"},"datePublished":"2024-04-29T16:17:41+00:00","dateModified":"2025-06-17T00:32:45+00:00","description":"\u00danete a nosotros en este viaje de descubrimiento y contribuci\u00f3n al progreso cient\u00edfico en la Adaptaci\u00f3n y mitigaci\u00f3n al cambio clim\u00e1tico y Energ\u00edas renovables","breadcrumb":{"@id":"https:\/\/doctoradofisica.uni.edu.pe\/#breadcrumb"},"inLanguage":"es","potentialAction":[{"@type":"ReadAction","target":["https:\/\/doctoradofisica.uni.edu.pe\/"]}]},{"@type":"BreadcrumbList","@id":"https:\/\/doctoradofisica.uni.edu.pe\/#breadcrumb","itemListElement":[{"@type":"ListItem","position":1,"name":"Portada","item":"https:\/\/doctoradofisica.uni.edu.pe\/"},{"@type":"ListItem","position":2,"name":"Inicio"}]},{"@type":"WebSite","@id":"https:\/\/doctoradofisica.uni.edu.pe\/#website","url":"https:\/\/doctoradofisica.uni.edu.pe\/","name":"UNI","description":"","potentialAction":[{"@type":"SearchAction","target":{"@type":"EntryPoint","urlTemplate":"https:\/\/doctoradofisica.uni.edu.pe\/?s={search_term_string}"},"query-input":"required name=search_term_string"}],"inLanguage":"es"}]}},"_links":{"self":[{"href":"https:\/\/doctoradofisica.uni.edu.pe\/index.php\/wp-json\/wp\/v2\/pages\/7"}],"collection":[{"href":"https:\/\/doctoradofisica.uni.edu.pe\/index.php\/wp-json\/wp\/v2\/pages"}],"about":[{"href":"https:\/\/doctoradofisica.uni.edu.pe\/index.php\/wp-json\/wp\/v2\/types\/page"}],"author":[{"embeddable":true,"href":"https:\/\/doctoradofisica.uni.edu.pe\/index.php\/wp-json\/wp\/v2\/users\/1"}],"replies":[{"embeddable":true,"href":"https:\/\/doctoradofisica.uni.edu.pe\/index.php\/wp-json\/wp\/v2\/comments?post=7"}],"version-history":[{"count":259,"href":"https:\/\/doctoradofisica.uni.edu.pe\/index.php\/wp-json\/wp\/v2\/pages\/7\/revisions"}],"predecessor-version":[{"id":1816,"href":"https:\/\/doctoradofisica.uni.edu.pe\/index.php\/wp-json\/wp\/v2\/pages\/7\/revisions\/1816"}],"wp:featuredmedia":[{"embeddable":true,"href":"https:\/\/doctoradofisica.uni.edu.pe\/index.php\/wp-json\/wp\/v2\/media\/527"}],"wp:attachment":[{"href":"https:\/\/doctoradofisica.uni.edu.pe\/index.php\/wp-json\/wp\/v2\/media?parent=7"}],"curies":[{"name":"wp","href":"https:\/\/api.w.org\/{rel}","templated":true}]}}