{"id":325,"date":"2024-04-29T11:17:41","date_gmt":"2024-04-29T16:17:41","guid":{"rendered":"https:\/\/doctoradofisica.uni.edu.pe\/index.php\/inicio\/"},"modified":"2024-05-21T19:04:04","modified_gmt":"2024-05-22T00:04:04","slug":"inicio","status":"publish","type":"page","link":"https:\/\/doctoradofisica.uni.edu.pe\/en\/","title":{"rendered":"Inicio"},"content":{"rendered":"","protected":false},"excerpt":{"rendered":"","protected":false},"author":1,"featured_media":528,"parent":0,"menu_order":0,"comment_status":"closed","ping_status":"closed","template":"templates\/home.php","meta":{"_acf_changed":false,"footnotes":""},"class_list":["post-325","page","type-page","status-publish","has-post-thumbnail"],"acf":[],"yoast_head":"<!-- This site is optimized with the Yoast SEO Premium plugin v21.5 (Yoast SEO v21.9) - https:\/\/yoast.com\/wordpress\/plugins\/seo\/ -->\n<title>Programa de Doctorado en Ciencias con Menci\u00f3n en F\u00edsica - Universidad Nacional de Ingenier\u00eda<\/title>\n<meta name=\"description\" content=\"\u00danete a nosotros en este viaje de descubrimiento y contribuci\u00f3n al progreso cient\u00edfico en la Adaptaci\u00f3n y mitigaci\u00f3n al cambio clim\u00e1tico y Energ\u00edas renovables\" \/>\n<meta name=\"robots\" content=\"index, follow, max-snippet:-1, max-image-preview:large, max-video-preview:-1\" \/>\n<link rel=\"canonical\" href=\"https:\/\/doctoradofisica.uni.edu.pe\/en\/\" \/>\n<meta property=\"og:locale\" content=\"en_US\" \/>\n<meta property=\"og:type\" content=\"article\" \/>\n<meta property=\"og:title\" content=\"Programa de Doctorado en Ciencias con Menci\u00f3n en F\u00edsica - Universidad Nacional de Ingenier\u00eda\" \/>\n<meta property=\"og:description\" content=\"\u00danete a nosotros en este viaje de descubrimiento y contribuci\u00f3n al progreso cient\u00edfico en la Adaptaci\u00f3n y mitigaci\u00f3n al cambio clim\u00e1tico y Energ\u00edas renovables\" \/>\n<meta property=\"og:url\" content=\"https:\/\/doctoradofisica.uni.edu.pe\/en\/\" \/>\n<meta property=\"og:site_name\" content=\"UNI\" \/>\n<meta property=\"article:modified_time\" content=\"2024-05-22T00:04:04+00:00\" \/>\n<meta property=\"og:image\" content=\"https:\/\/doctoradofisica.uni.edu.pe\/wp-content\/uploads\/2024\/01\/cover-meta.png\" \/>\n\t<meta property=\"og:image:width\" content=\"512\" \/>\n\t<meta property=\"og:image:height\" content=\"268\" \/>\n\t<meta property=\"og:image:type\" content=\"image\/png\" \/>\n<meta name=\"twitter:card\" content=\"summary_large_image\" \/>\n<meta name=\"twitter:title\" content=\"Inicio\" \/>\n<meta name=\"twitter:label1\" content=\"Est. reading time\" \/>\n\t<meta name=\"twitter:data1\" content=\"1 minute\" \/>\n<script type=\"application\/ld+json\" class=\"yoast-schema-graph\">{\"@context\":\"https:\/\/schema.org\",\"@graph\":[{\"@type\":\"WebPage\",\"@id\":\"https:\/\/doctoradofisica.uni.edu.pe\/en\/\",\"url\":\"https:\/\/doctoradofisica.uni.edu.pe\/en\/\",\"name\":\"Programa de Doctorado en Ciencias con Menci\u00f3n en F\u00edsica - Universidad Nacional de Ingenier\u00eda\",\"isPartOf\":{\"@id\":\"http:\/\/doctoradofisica.uni.edu.pe\/#website\"},\"datePublished\":\"2024-04-29T16:17:41+00:00\",\"dateModified\":\"2024-05-22T00:04:04+00:00\",\"description\":\"\u00danete a nosotros en este viaje de descubrimiento y contribuci\u00f3n al progreso cient\u00edfico en la Adaptaci\u00f3n y mitigaci\u00f3n al cambio clim\u00e1tico y Energ\u00edas renovables\",\"breadcrumb\":{\"@id\":\"https:\/\/doctoradofisica.uni.edu.pe\/en\/#breadcrumb\"},\"inLanguage\":\"en-US\",\"potentialAction\":[{\"@type\":\"ReadAction\",\"target\":[\"https:\/\/doctoradofisica.uni.edu.pe\/en\/\"]}]},{\"@type\":\"BreadcrumbList\",\"@id\":\"https:\/\/doctoradofisica.uni.edu.pe\/en\/#breadcrumb\",\"itemListElement\":[{\"@type\":\"ListItem\",\"position\":1,\"name\":\"Portada\",\"item\":\"https:\/\/doctoradofisica.uni.edu.pe\/en\/\"},{\"@type\":\"ListItem\",\"position\":2,\"name\":\"Inicio\"}]},{\"@type\":\"WebSite\",\"@id\":\"http:\/\/doctoradofisica.uni.edu.pe\/#website\",\"url\":\"http:\/\/doctoradofisica.uni.edu.pe\/\",\"name\":\"UNI\",\"description\":\"\",\"potentialAction\":[{\"@type\":\"SearchAction\",\"target\":{\"@type\":\"EntryPoint\",\"urlTemplate\":\"http:\/\/doctoradofisica.uni.edu.pe\/?s={search_term_string}\"},\"query-input\":\"required name=search_term_string\"}],\"inLanguage\":\"en-US\"}]}<\/script>\n<!-- \/ Yoast SEO Premium plugin. -->","yoast_head_json":{"title":"Programa de Doctorado en Ciencias con Menci\u00f3n en F\u00edsica - Universidad Nacional de Ingenier\u00eda","description":"\u00danete a nosotros en este viaje de descubrimiento y contribuci\u00f3n al progreso cient\u00edfico en la Adaptaci\u00f3n y mitigaci\u00f3n al cambio clim\u00e1tico y Energ\u00edas renovables","robots":{"index":"index","follow":"follow","max-snippet":"max-snippet:-1","max-image-preview":"max-image-preview:large","max-video-preview":"max-video-preview:-1"},"canonical":"https:\/\/doctoradofisica.uni.edu.pe\/en\/","og_locale":"en_US","og_type":"article","og_title":"Programa de Doctorado en Ciencias con Menci\u00f3n en F\u00edsica - Universidad Nacional de Ingenier\u00eda","og_description":"\u00danete a nosotros en este viaje de descubrimiento y contribuci\u00f3n al progreso cient\u00edfico en la Adaptaci\u00f3n y mitigaci\u00f3n al cambio clim\u00e1tico y Energ\u00edas renovables","og_url":"https:\/\/doctoradofisica.uni.edu.pe\/en\/","og_site_name":"UNI","article_modified_time":"2024-05-22T00:04:04+00:00","og_image":[{"width":512,"height":268,"url":"https:\/\/doctoradofisica.uni.edu.pe\/wp-content\/uploads\/2024\/01\/cover-meta.png","type":"image\/png"}],"twitter_card":"summary_large_image","twitter_title":"Inicio","twitter_misc":{"Est. reading time":"1 minute"},"schema":{"@context":"https:\/\/schema.org","@graph":[{"@type":"WebPage","@id":"https:\/\/doctoradofisica.uni.edu.pe\/en\/","url":"https:\/\/doctoradofisica.uni.edu.pe\/en\/","name":"Programa de Doctorado en Ciencias con Menci\u00f3n en F\u00edsica - Universidad Nacional de Ingenier\u00eda","isPartOf":{"@id":"http:\/\/doctoradofisica.uni.edu.pe\/#website"},"datePublished":"2024-04-29T16:17:41+00:00","dateModified":"2024-05-22T00:04:04+00:00","description":"\u00danete a nosotros en este viaje de descubrimiento y contribuci\u00f3n al progreso cient\u00edfico en la Adaptaci\u00f3n y mitigaci\u00f3n al cambio clim\u00e1tico y Energ\u00edas renovables","breadcrumb":{"@id":"https:\/\/doctoradofisica.uni.edu.pe\/en\/#breadcrumb"},"inLanguage":"en-US","potentialAction":[{"@type":"ReadAction","target":["https:\/\/doctoradofisica.uni.edu.pe\/en\/"]}]},{"@type":"BreadcrumbList","@id":"https:\/\/doctoradofisica.uni.edu.pe\/en\/#breadcrumb","itemListElement":[{"@type":"ListItem","position":1,"name":"Portada","item":"https:\/\/doctoradofisica.uni.edu.pe\/en\/"},{"@type":"ListItem","position":2,"name":"Inicio"}]},{"@type":"WebSite","@id":"http:\/\/doctoradofisica.uni.edu.pe\/#website","url":"http:\/\/doctoradofisica.uni.edu.pe\/","name":"UNI","description":"","potentialAction":[{"@type":"SearchAction","target":{"@type":"EntryPoint","urlTemplate":"http:\/\/doctoradofisica.uni.edu.pe\/?s={search_term_string}"},"query-input":"required name=search_term_string"}],"inLanguage":"en-US"}]}},"_links":{"self":[{"href":"https:\/\/doctoradofisica.uni.edu.pe\/en\/index.php\/wp-json\/wp\/v2\/pages\/325"}],"collection":[{"href":"https:\/\/doctoradofisica.uni.edu.pe\/en\/index.php\/wp-json\/wp\/v2\/pages"}],"about":[{"href":"https:\/\/doctoradofisica.uni.edu.pe\/en\/index.php\/wp-json\/wp\/v2\/types\/page"}],"author":[{"embeddable":true,"href":"https:\/\/doctoradofisica.uni.edu.pe\/en\/index.php\/wp-json\/wp\/v2\/users\/1"}],"replies":[{"embeddable":true,"href":"https:\/\/doctoradofisica.uni.edu.pe\/en\/index.php\/wp-json\/wp\/v2\/comments?post=325"}],"version-history":[{"count":33,"href":"https:\/\/doctoradofisica.uni.edu.pe\/en\/index.php\/wp-json\/wp\/v2\/pages\/325\/revisions"}],"predecessor-version":[{"id":797,"href":"https:\/\/doctoradofisica.uni.edu.pe\/en\/index.php\/wp-json\/wp\/v2\/pages\/325\/revisions\/797"}],"wp:featuredmedia":[{"embeddable":true,"href":"https:\/\/doctoradofisica.uni.edu.pe\/en\/index.php\/wp-json\/wp\/v2\/media\/528"}],"wp:attachment":[{"href":"https:\/\/doctoradofisica.uni.edu.pe\/en\/index.php\/wp-json\/wp\/v2\/media?parent=325"}],"curies":[{"name":"wp","href":"https:\/\/api.w.org\/{rel}","templated":true}]}}